{"id":1885,"date":"2026-05-12T11:38:29","date_gmt":"2026-05-12T09:38:29","guid":{"rendered":"https:\/\/mahartlog.hu\/?page_id=1885"},"modified":"2026-05-12T11:57:26","modified_gmt":"2026-05-12T09:57:26","slug":"mahartlog-trans-sl","status":"publish","type":"page","link":"https:\/\/mahartlog.hu\/en\/mahartlog-trans-sl\/","title":{"rendered":"Mahartlog Trans SL."},"content":{"rendered":"<div data-elementor-type=\"wp-page\" data-elementor-id=\"1885\" class=\"elementor elementor-1885\" data-elementor-post-type=\"page\">\n\t\t\t\t<div class=\"elementor-element elementor-element-260fd7b5 e-con-full e-flex e-con e-parent\" data-id=\"260fd7b5\" data-element_type=\"container\" data-e-type=\"container\" data-settings=\"{&quot;background_background&quot;:&quot;classic&quot;}\">\n\t\t<div class=\"elementor-element elementor-element-24a55cf5 e-con-full ferde-box e-flex e-con e-child\" data-id=\"24a55cf5\" data-element_type=\"container\" data-e-type=\"container\" data-settings=\"{&quot;background_background&quot;:&quot;classic&quot;}\">\n\t\t\t\t<div class=\"elementor-element elementor-element-45f77587 elementor-widget__width-inherit elementor-widget-mobile__width-initial elementor-widget elementor-widget-heading\" data-id=\"45f77587\" data-element_type=\"widget\" data-e-type=\"widget\" data-widget_type=\"heading.default\">\n\t\t\t\t<div class=\"elementor-widget-container\">\n\t\t\t\t\t<h2 class=\"elementor-heading-title elementor-size-default translation-block\"><b>Mahartlog Trans SL.  <\/b><br>Logistics services in Spain as well<\/h2>\t\t\t\t<\/div>\n\t\t\t\t<\/div>\n\t\t\t\t<\/div>\n\t\t\t\t<\/div>\n\t\t<div class=\"elementor-element elementor-element-7afd29a6 e-flex e-con-boxed e-con e-parent\" data-id=\"7afd29a6\" data-element_type=\"container\" data-e-type=\"container\">\n\t\t\t\t\t<div class=\"e-con-inner\">\n\t\t<div class=\"elementor-element elementor-element-2591e228 e-con-full duplaferde e-transform e-flex e-con e-child\" data-id=\"2591e228\" data-element_type=\"container\" data-e-type=\"container\" data-settings=\"{&quot;background_background&quot;:&quot;classic&quot;,&quot;_transform_skewX_effect&quot;:{&quot;unit&quot;:&quot;px&quot;,&quot;size&quot;:-5,&quot;sizes&quot;:[]},&quot;_transform_skewX_effect_mobile&quot;:{&quot;unit&quot;:&quot;deg&quot;,&quot;size&quot;:-1.5,&quot;sizes&quot;:[]},&quot;_transform_skewX_effect_tablet&quot;:{&quot;unit&quot;:&quot;deg&quot;,&quot;size&quot;:&quot;&quot;,&quot;sizes&quot;:[]},&quot;_transform_skewY_effect&quot;:{&quot;unit&quot;:&quot;px&quot;,&quot;size&quot;:&quot;&quot;,&quot;sizes&quot;:[]},&quot;_transform_skewY_effect_tablet&quot;:{&quot;unit&quot;:&quot;deg&quot;,&quot;size&quot;:&quot;&quot;,&quot;sizes&quot;:[]},&quot;_transform_skewY_effect_mobile&quot;:{&quot;unit&quot;:&quot;deg&quot;,&quot;size&quot;:&quot;&quot;,&quot;sizes&quot;:[]}}\">\n\t\t<div class=\"elementor-element elementor-element-75c687a9 e-con-full e-transform e-flex e-con e-child\" data-id=\"75c687a9\" data-element_type=\"container\" data-e-type=\"container\" data-settings=\"{&quot;_transform_skewX_effect&quot;:{&quot;unit&quot;:&quot;px&quot;,&quot;size&quot;:5,&quot;sizes&quot;:[]},&quot;_transform_skewX_effect_mobile&quot;:{&quot;unit&quot;:&quot;deg&quot;,&quot;size&quot;:1.5,&quot;sizes&quot;:[]},&quot;_transform_skewX_effect_tablet&quot;:{&quot;unit&quot;:&quot;deg&quot;,&quot;size&quot;:&quot;&quot;,&quot;sizes&quot;:[]},&quot;_transform_skewY_effect&quot;:{&quot;unit&quot;:&quot;px&quot;,&quot;size&quot;:&quot;&quot;,&quot;sizes&quot;:[]},&quot;_transform_skewY_effect_tablet&quot;:{&quot;unit&quot;:&quot;deg&quot;,&quot;size&quot;:&quot;&quot;,&quot;sizes&quot;:[]},&quot;_transform_skewY_effect_mobile&quot;:{&quot;unit&quot;:&quot;deg&quot;,&quot;size&quot;:&quot;&quot;,&quot;sizes&quot;:[]}}\">\n\t\t\t\t<div class=\"elementor-element elementor-element-5c5d3f7b elementor-widget elementor-widget-heading\" data-id=\"5c5d3f7b\" data-element_type=\"widget\" data-e-type=\"widget\" data-widget_type=\"heading.default\">\n\t\t\t\t<div class=\"elementor-widget-container\">\n\t\t\t\t\t<h3 class=\"elementor-heading-title elementor-size-default\">Professional Logistic Solutions in Iberia<\/h3>\t\t\t\t<\/div>\n\t\t\t\t<\/div>\n\t\t\t\t<div class=\"elementor-element elementor-element-41d85db6 elementor-widget elementor-widget-text-editor\" data-id=\"41d85db6\" data-element_type=\"widget\" data-e-type=\"widget\" data-widget_type=\"text-editor.default\">\n\t\t\t\t<div class=\"elementor-widget-container\">\n\t\t\t\t\t\t\t\t\t<p><span style=\"font-weight: 400;\">Our office in Spain specializes in professional freight forwarding, and we also support our partners with comprehensive project logistics solutions. Thanks to our constantly expanding network of freight forwarding partners, we provide full coverage across the entire Iberian Peninsula, as well as the Balearic Islands\u2014particularly Mallorca.<\/span><\/p><p><span style=\"font-weight: 400;\">Regular and predictable shipments from Spain\u2019s major economic hubs, including Bilbao, Zaragoza, Madrid, Barcelona, and C\u00e1diz. <\/span><\/p>\t\t\t\t\t\t\t\t<\/div>\n\t\t\t\t<\/div>\n\t\t\t\t<div class=\"elementor-element elementor-element-2ccd4f2 elementor-mobile-align-left elementor-widget elementor-widget-button\" data-id=\"2ccd4f2\" data-element_type=\"widget\" data-e-type=\"widget\" data-widget_type=\"button.default\">\n\t\t\t\t<div class=\"elementor-widget-container\">\n\t\t\t\t\t\t\t\t\t<div class=\"elementor-button-wrapper\">\n\t\t\t\t\t<a class=\"elementor-button elementor-button-link elementor-size-sm elementor-animation-grow\" href=\"https:\/\/mahartlog.hu\/en\/kontakt\/\">\n\t\t\t\t\t\t<span class=\"elementor-button-content-wrapper\">\n\t\t\t\t\t\t\t\t\t<span class=\"elementor-button-text\">CONTACT US<\/span>\n\t\t\t\t\t<\/span>\n\t\t\t\t\t<\/a>\n\t\t\t\t<\/div>\n\t\t\t\t\t\t\t\t<\/div>\n\t\t\t\t<\/div>\n\t\t\t\t<\/div>\n\t\t\t\t<\/div>\n\t\t<div class=\"elementor-element elementor-element-30e16f64 e-con-full ferdekep-container e-flex elementor-invisible e-con e-child\" data-id=\"30e16f64\" data-element_type=\"container\" data-e-type=\"container\" data-settings=\"{&quot;background_background&quot;:&quot;classic&quot;,&quot;animation&quot;:&quot;slideInRight&quot;,&quot;animation_mobile&quot;:&quot;fadeIn&quot;,&quot;animation_tablet&quot;:&quot;fadeIn&quot;}\">\n\t\t\t\t<div class=\"elementor-element elementor-element-6d5438a3 ferdekep elementor-widget elementor-widget-image\" data-id=\"6d5438a3\" data-element_type=\"widget\" data-e-type=\"widget\" data-widget_type=\"image.default\">\n\t\t\t\t<div class=\"elementor-widget-container\">\n\t\t\t\t\t\t\t\t\t\t\t\t\t\t\t<img fetchpriority=\"high\" decoding=\"async\" width=\"1500\" height=\"1489\" src=\"https:\/\/mahartlog.hu\/wp-content\/uploads\/2026\/05\/mahartlog-trans-sl2.jpeg\" class=\"attachment-full size-full wp-image-1890\" alt=\"\" srcset=\"https:\/\/mahartlog.hu\/wp-content\/uploads\/2026\/05\/mahartlog-trans-sl2.jpeg 1500w, https:\/\/mahartlog.hu\/wp-content\/uploads\/2026\/05\/mahartlog-trans-sl2-300x298.jpeg 300w, https:\/\/mahartlog.hu\/wp-content\/uploads\/2026\/05\/mahartlog-trans-sl2-1024x1016.jpeg 1024w, https:\/\/mahartlog.hu\/wp-content\/uploads\/2026\/05\/mahartlog-trans-sl2-150x150.jpeg 150w, https:\/\/mahartlog.hu\/wp-content\/uploads\/2026\/05\/mahartlog-trans-sl2-768x762.jpeg 768w, https:\/\/mahartlog.hu\/wp-content\/uploads\/2026\/05\/mahartlog-trans-sl2-12x12.jpeg 12w\" sizes=\"(max-width: 1500px) 100vw, 1500px\" \/>\t\t\t\t\t\t\t\t\t\t\t\t\t\t\t<\/div>\n\t\t\t\t<\/div>\n\t\t\t\t<\/div>\n\t\t\t\t\t<\/div>\n\t\t\t\t<\/div>\n\t\t<div class=\"elementor-element elementor-element-6c3c12b2 e-flex e-con-boxed e-con e-parent\" data-id=\"6c3c12b2\" data-element_type=\"container\" data-e-type=\"container\" data-settings=\"{&quot;background_background&quot;:&quot;classic&quot;}\">\n\t\t\t\t\t<div class=\"e-con-inner\">\n\t\t<div class=\"elementor-element elementor-element-7c2fbb26 e-con-full ferdekep-container e-flex elementor-invisible e-con e-child\" data-id=\"7c2fbb26\" data-element_type=\"container\" data-e-type=\"container\" data-settings=\"{&quot;background_background&quot;:&quot;classic&quot;,&quot;animation&quot;:&quot;slideInLeft&quot;,&quot;animation_mobile&quot;:&quot;fadeIn&quot;}\">\n\t\t\t\t<div class=\"elementor-element elementor-element-1eb58f9c ferdekep elementor-invisible elementor-widget elementor-widget-image\" data-id=\"1eb58f9c\" data-element_type=\"widget\" data-e-type=\"widget\" data-settings=\"{&quot;_animation&quot;:&quot;slideInLeft&quot;,&quot;_animation_mobile&quot;:&quot;fadeIn&quot;}\" data-widget_type=\"image.default\">\n\t\t\t\t<div class=\"elementor-widget-container\">\n\t\t\t\t\t\t\t\t\t\t\t\t\t\t\t<img decoding=\"async\" width=\"2384\" height=\"1568\" src=\"https:\/\/mahartlog.hu\/wp-content\/uploads\/2026\/05\/mahartlogtranssl-spain.png\" class=\"attachment-full size-full wp-image-1888\" alt=\"\" srcset=\"https:\/\/mahartlog.hu\/wp-content\/uploads\/2026\/05\/mahartlogtranssl-spain.png 2384w, https:\/\/mahartlog.hu\/wp-content\/uploads\/2026\/05\/mahartlogtranssl-spain-300x197.png 300w, https:\/\/mahartlog.hu\/wp-content\/uploads\/2026\/05\/mahartlogtranssl-spain-1024x674.png 1024w, https:\/\/mahartlog.hu\/wp-content\/uploads\/2026\/05\/mahartlogtranssl-spain-768x505.png 768w, https:\/\/mahartlog.hu\/wp-content\/uploads\/2026\/05\/mahartlogtranssl-spain-1536x1010.png 1536w, https:\/\/mahartlog.hu\/wp-content\/uploads\/2026\/05\/mahartlogtranssl-spain-2048x1347.png 2048w, https:\/\/mahartlog.hu\/wp-content\/uploads\/2026\/05\/mahartlogtranssl-spain-18x12.png 18w\" sizes=\"(max-width: 2384px) 100vw, 2384px\" \/>\t\t\t\t\t\t\t\t\t\t\t\t\t\t\t<\/div>\n\t\t\t\t<\/div>\n\t\t\t\t<\/div>\n\t\t<div class=\"elementor-element elementor-element-5ed2ad9c duplaferde e-transform e-con-full e-flex e-con e-child\" data-id=\"5ed2ad9c\" data-element_type=\"container\" data-e-type=\"container\" data-settings=\"{&quot;background_background&quot;:&quot;classic&quot;,&quot;_transform_skewX_effect&quot;:{&quot;unit&quot;:&quot;px&quot;,&quot;size&quot;:-5,&quot;sizes&quot;:[]},&quot;_transform_skewX_effect_mobile&quot;:{&quot;unit&quot;:&quot;deg&quot;,&quot;size&quot;:-1.5,&quot;sizes&quot;:[]},&quot;_transform_skewX_effect_tablet&quot;:{&quot;unit&quot;:&quot;deg&quot;,&quot;size&quot;:&quot;&quot;,&quot;sizes&quot;:[]},&quot;_transform_skewY_effect&quot;:{&quot;unit&quot;:&quot;px&quot;,&quot;size&quot;:&quot;&quot;,&quot;sizes&quot;:[]},&quot;_transform_skewY_effect_tablet&quot;:{&quot;unit&quot;:&quot;deg&quot;,&quot;size&quot;:&quot;&quot;,&quot;sizes&quot;:[]},&quot;_transform_skewY_effect_mobile&quot;:{&quot;unit&quot;:&quot;deg&quot;,&quot;size&quot;:&quot;&quot;,&quot;sizes&quot;:[]}}\">\n\t\t<div class=\"elementor-element elementor-element-50a038cd e-transform e-con-full e-flex e-con e-child\" data-id=\"50a038cd\" data-element_type=\"container\" data-e-type=\"container\" data-settings=\"{&quot;_transform_skewX_effect&quot;:{&quot;unit&quot;:&quot;px&quot;,&quot;size&quot;:5,&quot;sizes&quot;:[]},&quot;_transform_skewX_effect_mobile&quot;:{&quot;unit&quot;:&quot;deg&quot;,&quot;size&quot;:1.5,&quot;sizes&quot;:[]},&quot;_transform_skewX_effect_tablet&quot;:{&quot;unit&quot;:&quot;deg&quot;,&quot;size&quot;:&quot;&quot;,&quot;sizes&quot;:[]},&quot;_transform_skewY_effect&quot;:{&quot;unit&quot;:&quot;px&quot;,&quot;size&quot;:&quot;&quot;,&quot;sizes&quot;:[]},&quot;_transform_skewY_effect_tablet&quot;:{&quot;unit&quot;:&quot;deg&quot;,&quot;size&quot;:&quot;&quot;,&quot;sizes&quot;:[]},&quot;_transform_skewY_effect_mobile&quot;:{&quot;unit&quot;:&quot;deg&quot;,&quot;size&quot;:&quot;&quot;,&quot;sizes&quot;:[]}}\">\n\t\t\t\t<div class=\"elementor-element elementor-element-5190760b elementor-widget elementor-widget-heading\" data-id=\"5190760b\" data-element_type=\"widget\" data-e-type=\"widget\" data-widget_type=\"heading.default\">\n\t\t\t\t<div class=\"elementor-widget-container\">\n\t\t\t\t\t<h3 class=\"elementor-heading-title elementor-size-default\">Strategic Freight: Mediterranean &amp; North African Corridors<\/h3>\t\t\t\t<\/div>\n\t\t\t\t<\/div>\n\t\t\t\t<div class=\"elementor-element elementor-element-7cfff730 elementor-widget elementor-widget-text-editor\" data-id=\"7cfff730\" data-element_type=\"widget\" data-e-type=\"widget\" data-widget_type=\"text-editor.default\">\n\t\t\t\t<div class=\"elementor-widget-container\">\n\t\t\t\t\t\t\t\t\t<p><span style=\"font-weight: 400;\">Among our strategic objectives is the establishment and strengthening of connections with North Africa. Together with our existing freight forwarding partners, we are ready to handle shipments to Algeria and Morocco.<\/span><\/p><p class=\"translation-block\">We place special emphasis on the Mediterranean region: our goal is to effectively connect our Croatian, Italian, southern French, and Spanish partners through our services. Our regular shipments to Italy include both standard and oversized cargo. Our regular full and less-than-truckload shipments are destined for Western Europe, particularly the Netherlands, Belgium, and Hungary.<\/p>\t\t\t\t\t\t\t\t<\/div>\n\t\t\t\t<\/div>\n\t\t\t\t<div class=\"elementor-element elementor-element-256fa819 elementor-mobile-align-left elementor-widget elementor-widget-button\" data-id=\"256fa819\" data-element_type=\"widget\" data-e-type=\"widget\" data-widget_type=\"button.default\">\n\t\t\t\t<div class=\"elementor-widget-container\">\n\t\t\t\t\t\t\t\t\t<div class=\"elementor-button-wrapper\">\n\t\t\t\t\t<a class=\"elementor-button elementor-button-link elementor-size-sm elementor-animation-grow\" href=\"https:\/\/mahartlog.hu\/en\/kontakt\/\">\n\t\t\t\t\t\t<span class=\"elementor-button-content-wrapper\">\n\t\t\t\t\t\t\t\t\t<span class=\"elementor-button-text\">CONTACT US<\/span>\n\t\t\t\t\t<\/span>\n\t\t\t\t\t<\/a>\n\t\t\t\t<\/div>\n\t\t\t\t\t\t\t\t<\/div>\n\t\t\t\t<\/div>\n\t\t\t\t<\/div>\n\t\t\t\t<\/div>\n\t\t\t\t\t<\/div>\n\t\t\t\t<\/div>\n\t\t<div class=\"elementor-element elementor-element-582e0973 e-flex e-con-boxed e-con e-parent\" data-id=\"582e0973\" data-element_type=\"container\" data-e-type=\"container\">\n\t\t\t\t\t<div class=\"e-con-inner\">\n\t\t\t\t<div class=\"elementor-element elementor-element-5ada147c elementor-widget elementor-widget-heading\" data-id=\"5ada147c\" data-element_type=\"widget\" data-e-type=\"widget\" data-widget_type=\"heading.default\">\n\t\t\t\t<div class=\"elementor-widget-container\">\n\t\t\t\t\t<h3 class=\"elementor-heading-title elementor-size-default\">References<\/h3>\t\t\t\t<\/div>\n\t\t\t\t<\/div>\n\t\t\t\t<div class=\"elementor-element elementor-element-3e53c279 elementor-widget elementor-widget-text-editor\" data-id=\"3e53c279\" data-element_type=\"widget\" data-e-type=\"widget\" data-widget_type=\"text-editor.default\">\n\t\t\t\t<div class=\"elementor-widget-container\">\n\t\t\t\t\t\t\t\t\t<p class=\"translation-block\">Our staff is at your disposal for both water and road transport, whether it is European river transport or river-sea project cargo shipping to any point in Europe or the world.<\/p>\t\t\t\t\t\t\t\t<\/div>\n\t\t\t\t<\/div>\n\t\t\t\t<div class=\"elementor-element elementor-element-2e309692 elementor-widget elementor-widget-gallery\" data-id=\"2e309692\" data-element_type=\"widget\" data-e-type=\"widget\" data-settings=\"{&quot;gallery_layout&quot;:&quot;masonry&quot;,&quot;columns&quot;:3,&quot;gap&quot;:{&quot;unit&quot;:&quot;px&quot;,&quot;size&quot;:4,&quot;sizes&quot;:[]},&quot;image_hover_animation&quot;:&quot;grow&quot;,&quot;lazyload&quot;:&quot;yes&quot;,&quot;columns_tablet&quot;:2,&quot;columns_mobile&quot;:1,&quot;gap_tablet&quot;:{&quot;unit&quot;:&quot;px&quot;,&quot;size&quot;:10,&quot;sizes&quot;:[]},&quot;gap_mobile&quot;:{&quot;unit&quot;:&quot;px&quot;,&quot;size&quot;:10,&quot;sizes&quot;:[]},&quot;link_to&quot;:&quot;file&quot;,&quot;content_hover_animation&quot;:&quot;fade-in&quot;}\" data-widget_type=\"gallery.default\">\n\t\t\t\t<div class=\"elementor-widget-container\">\n\t\t\t\t\t\t\t<div class=\"elementor-gallery__container\">\n\t\t\t\t\t\t\t<a class=\"e-gallery-item elementor-gallery-item elementor-animated-content\" href=\"https:\/\/mahartlog.hu\/wp-content\/uploads\/2024\/08\/galeria5.jpg\" data-elementor-open-lightbox=\"yes\" data-elementor-lightbox-slideshow=\"2e309692\" data-elementor-lightbox-title=\"galeria5\" data-e-action-hash=\"#elementor-action%3Aaction%3Dlightbox%26settings%3DeyJpZCI6Mjc2LCJ1cmwiOiJodHRwczpcL1wvbWFoYXJ0bG9nLmh1XC93cC1jb250ZW50XC91cGxvYWRzXC8yMDI0XC8wOFwvZ2FsZXJpYTUuanBnIiwic2xpZGVzaG93IjoiMmUzMDk2OTIifQ%3D%3D\">\n\t\t\t\t\t<div class=\"e-gallery-image elementor-gallery-item__image\" data-thumbnail=\"https:\/\/mahartlog.hu\/wp-content\/uploads\/2024\/08\/galeria5.jpg\" data-width=\"1100\" data-height=\"825\" aria-label=\"\" role=\"img\" ><\/div>\n\t\t\t\t\t\t\t\t\t\t\t\t\t\t<\/a>\n\t\t\t\t\t\t\t<a class=\"e-gallery-item elementor-gallery-item elementor-animated-content\" href=\"https:\/\/mahartlog.hu\/wp-content\/uploads\/2024\/08\/galeria6.jpg\" data-elementor-open-lightbox=\"yes\" data-elementor-lightbox-slideshow=\"2e309692\" data-elementor-lightbox-title=\"galeria6\" data-e-action-hash=\"#elementor-action%3Aaction%3Dlightbox%26settings%3DeyJpZCI6Mjc3LCJ1cmwiOiJodHRwczpcL1wvbWFoYXJ0bG9nLmh1XC93cC1jb250ZW50XC91cGxvYWRzXC8yMDI0XC8wOFwvZ2FsZXJpYTYuanBnIiwic2xpZGVzaG93IjoiMmUzMDk2OTIifQ%3D%3D\">\n\t\t\t\t\t<div class=\"e-gallery-image elementor-gallery-item__image\" data-thumbnail=\"https:\/\/mahartlog.hu\/wp-content\/uploads\/2024\/08\/galeria6.jpg\" data-width=\"2048\" data-height=\"1536\" aria-label=\"\" role=\"img\" ><\/div>\n\t\t\t\t\t\t\t\t\t\t\t\t\t\t<\/a>\n\t\t\t\t\t\t\t<a class=\"e-gallery-item elementor-gallery-item elementor-animated-content\" href=\"https:\/\/mahartlog.hu\/wp-content\/uploads\/2024\/08\/galeria7.jpg\" data-elementor-open-lightbox=\"yes\" data-elementor-lightbox-slideshow=\"2e309692\" data-elementor-lightbox-title=\"galeria7\" data-e-action-hash=\"#elementor-action%3Aaction%3Dlightbox%26settings%3DeyJpZCI6Mjc4LCJ1cmwiOiJodHRwczpcL1wvbWFoYXJ0bG9nLmh1XC93cC1jb250ZW50XC91cGxvYWRzXC8yMDI0XC8wOFwvZ2FsZXJpYTcuanBnIiwic2xpZGVzaG93IjoiMmUzMDk2OTIifQ%3D%3D\">\n\t\t\t\t\t<div class=\"e-gallery-image elementor-gallery-item__image\" data-thumbnail=\"https:\/\/mahartlog.hu\/wp-content\/uploads\/2024\/08\/galeria7.jpg\" data-width=\"1186\" data-height=\"791\" aria-label=\"\" role=\"img\" ><\/div>\n\t\t\t\t\t\t\t\t\t\t\t\t\t\t<\/a>\n\t\t\t\t\t\t\t<a class=\"e-gallery-item elementor-gallery-item elementor-animated-content\" href=\"https:\/\/mahartlog.hu\/wp-content\/uploads\/2024\/08\/mahartlog-telephely-e1734019192332.jpg\" data-elementor-open-lightbox=\"yes\" data-elementor-lightbox-slideshow=\"2e309692\" data-elementor-lightbox-title=\"mahartlog-telephely\" data-e-action-hash=\"#elementor-action%3Aaction%3Dlightbox%26settings%3DeyJpZCI6MTEyLCJ1cmwiOiJodHRwczpcL1wvbWFoYXJ0bG9nLmh1XC93cC1jb250ZW50XC91cGxvYWRzXC8yMDI0XC8wOFwvbWFoYXJ0bG9nLXRlbGVwaGVseS1lMTczNDAxOTE5MjMzMi5qcGciLCJzbGlkZXNob3ciOiIyZTMwOTY5MiJ9\">\n\t\t\t\t\t<div class=\"e-gallery-image elementor-gallery-item__image\" data-thumbnail=\"https:\/\/mahartlog.hu\/wp-content\/uploads\/2024\/08\/mahartlog-telephely-e1734019192332.jpg\" data-width=\"1468\" data-height=\"788\" aria-label=\"\" role=\"img\" ><\/div>\n\t\t\t\t\t\t\t\t\t\t\t\t\t\t<\/a>\n\t\t\t\t\t\t\t<a class=\"e-gallery-item elementor-gallery-item elementor-animated-content\" href=\"https:\/\/mahartlog.hu\/wp-content\/uploads\/2024\/08\/mahartlog-tulmeretes7.jpg\" data-elementor-open-lightbox=\"yes\" data-elementor-lightbox-slideshow=\"2e309692\" data-elementor-lightbox-title=\"mahartlog-tulmeretes7\" data-e-action-hash=\"#elementor-action%3Aaction%3Dlightbox%26settings%3DeyJpZCI6NDk4LCJ1cmwiOiJodHRwczpcL1wvbWFoYXJ0bG9nLmh1XC93cC1jb250ZW50XC91cGxvYWRzXC8yMDI0XC8wOFwvbWFoYXJ0bG9nLXR1bG1lcmV0ZXM3LmpwZyIsInNsaWRlc2hvdyI6IjJlMzA5NjkyIn0%3D\">\n\t\t\t\t\t<div class=\"e-gallery-image elementor-gallery-item__image\" data-thumbnail=\"https:\/\/mahartlog.hu\/wp-content\/uploads\/2024\/08\/mahartlog-tulmeretes7.jpg\" data-width=\"1500\" data-height=\"844\" aria-label=\"\" role=\"img\" ><\/div>\n\t\t\t\t\t\t\t\t\t\t\t\t\t\t<\/a>\n\t\t\t\t\t\t\t<a class=\"e-gallery-item elementor-gallery-item elementor-animated-content\" href=\"https:\/\/mahartlog.hu\/wp-content\/uploads\/2024\/08\/mahartlog-tulmeretes19.jpg\" data-elementor-open-lightbox=\"yes\" data-elementor-lightbox-slideshow=\"2e309692\" data-elementor-lightbox-title=\"mahartlog-tulmeretes19\" data-e-action-hash=\"#elementor-action%3Aaction%3Dlightbox%26settings%3DeyJpZCI6NTA5LCJ1cmwiOiJodHRwczpcL1wvbWFoYXJ0bG9nLmh1XC93cC1jb250ZW50XC91cGxvYWRzXC8yMDI0XC8wOFwvbWFoYXJ0bG9nLXR1bG1lcmV0ZXMxOS5qcGciLCJzbGlkZXNob3ciOiIyZTMwOTY5MiJ9\">\n\t\t\t\t\t<div class=\"e-gallery-image elementor-gallery-item__image\" data-thumbnail=\"https:\/\/mahartlog.hu\/wp-content\/uploads\/2024\/08\/mahartlog-tulmeretes19.jpg\" data-width=\"1500\" data-height=\"1000\" aria-label=\"\" role=\"img\" ><\/div>\n\t\t\t\t\t\t\t\t\t\t\t\t\t\t<\/a>\n\t\t\t\t\t<\/div>\n\t\t\t\t\t<\/div>\n\t\t\t\t<\/div>\n\t\t\t\t\t<\/div>\n\t\t\t\t<\/div>\n\t\t\t\t<\/div>","protected":false},"excerpt":{"rendered":"<p>Mahartlog Trans SL. Logisztikai szolg\u00e1ltat\u00e1sok a spanyol t\u00e9rs\u00e9gben is Professzion\u00e1lis logisztikai megold\u00e1sok az Ib\u00e9riai-t\u00e9rs\u00e9gben Spanyolorsz\u00e1gi le\u00e1nyv\u00e1llalatunk f\u0151 profilja a professzion\u00e1lis sped\u00edci\u00f3, amely mellett komplex projektlogisztikai megold\u00e1sokkal is t\u00e1mogatjuk partnereinket. Folyamatosan b\u0151v\u00fcl\u0151 sz\u00e1ll\u00edtm\u00e1nyoz\u00f3i partneri h\u00e1l\u00f3zatunknak k\u00f6sz\u00f6nhet\u0151en teljes k\u00f6r\u0171 lefedetts\u00e9get biztos\u00edtunk az eg\u00e9sz Ib\u00e9riai-f\u00e9lszigeten, valamint a Bale\u00e1r-szigetek \u2013 kiemelten Mallorca \u2013 ter\u00fclet\u00e9n is. Rendszeres \u00e9s tervezhet\u0151 sz\u00e1ll\u00edt\u00e1sok &#8230; <a title=\"Mahartlog Trans SL.\" class=\"read-more\" href=\"https:\/\/mahartlog.hu\/en\/mahartlog-trans-sl\/\" aria-label=\"Read more about Mahartlog Trans SL.\">Read more<\/a><\/p>","protected":false},"author":1,"featured_media":0,"parent":0,"menu_order":0,"comment_status":"closed","ping_status":"closed","template":"elementor_header_footer","meta":{"footnotes":""},"class_list":["post-1885","page","type-page","status-publish"],"_links":{"self":[{"href":"https:\/\/mahartlog.hu\/en\/wp-json\/wp\/v2\/pages\/1885","targetHints":{"allow":["GET"]}}],"collection":[{"href":"https:\/\/mahartlog.hu\/en\/wp-json\/wp\/v2\/pages"}],"about":[{"href":"https:\/\/mahartlog.hu\/en\/wp-json\/wp\/v2\/types\/page"}],"author":[{"embeddable":true,"href":"https:\/\/mahartlog.hu\/en\/wp-json\/wp\/v2\/users\/1"}],"replies":[{"embeddable":true,"href":"https:\/\/mahartlog.hu\/en\/wp-json\/wp\/v2\/comments?post=1885"}],"version-history":[{"count":7,"href":"https:\/\/mahartlog.hu\/en\/wp-json\/wp\/v2\/pages\/1885\/revisions"}],"predecessor-version":[{"id":1899,"href":"https:\/\/mahartlog.hu\/en\/wp-json\/wp\/v2\/pages\/1885\/revisions\/1899"}],"wp:attachment":[{"href":"https:\/\/mahartlog.hu\/en\/wp-json\/wp\/v2\/media?parent=1885"}],"curies":[{"name":"wp","href":"https:\/\/api.w.org\/{rel}","templated":true}]}}