{"id":977,"date":"2024-10-24T09:35:39","date_gmt":"2024-10-24T07:35:39","guid":{"rendered":"https:\/\/mahartlog.temarketinged.hu\/?page_id=977"},"modified":"2026-01-16T16:06:09","modified_gmt":"2026-01-16T15:06:09","slug":"mahartlog-invest-zrt","status":"publish","type":"page","link":"https:\/\/mahartlog.hu\/en\/mahartlog-invest-zrt\/","title":{"rendered":"Mahartlog Invest PLC."},"content":{"rendered":"<div data-elementor-type=\"wp-page\" data-elementor-id=\"977\" class=\"elementor elementor-977\" data-elementor-post-type=\"page\">\n\t\t\t\t<div class=\"elementor-element elementor-element-3c58299f e-con-full e-flex e-con e-parent\" data-id=\"3c58299f\" data-element_type=\"container\" data-e-type=\"container\" data-settings=\"{&quot;background_background&quot;:&quot;classic&quot;}\">\n\t\t<div class=\"elementor-element elementor-element-629efe e-con-full ferde-box e-flex e-con e-child\" data-id=\"629efe\" data-element_type=\"container\" data-e-type=\"container\" data-settings=\"{&quot;background_background&quot;:&quot;classic&quot;}\">\n\t\t\t\t<div class=\"elementor-element elementor-element-37c0320f elementor-widget__width-inherit elementor-widget-mobile__width-initial elementor-widget elementor-widget-heading\" data-id=\"37c0320f\" data-element_type=\"widget\" data-e-type=\"widget\" data-widget_type=\"heading.default\">\n\t\t\t\t<div class=\"elementor-widget-container\">\n\t\t\t\t\t<h2 class=\"elementor-heading-title elementor-size-default translation-block\"><b>Mahartlog Invest PLC <\/b><br>Broad support for international partners<\/h2>\t\t\t\t<\/div>\n\t\t\t\t<\/div>\n\t\t\t\t<\/div>\n\t\t\t\t<\/div>\n\t\t<div class=\"elementor-element elementor-element-32746d87 e-flex e-con-boxed e-con e-parent\" data-id=\"32746d87\" data-element_type=\"container\" data-e-type=\"container\">\n\t\t\t\t\t<div class=\"e-con-inner\">\n\t\t<div class=\"elementor-element elementor-element-525a330d e-con-full duplaferde e-transform e-flex e-con e-child\" data-id=\"525a330d\" data-element_type=\"container\" data-e-type=\"container\" data-settings=\"{&quot;background_background&quot;:&quot;classic&quot;,&quot;_transform_skewX_effect&quot;:{&quot;unit&quot;:&quot;px&quot;,&quot;size&quot;:-5,&quot;sizes&quot;:[]},&quot;_transform_skewX_effect_mobile&quot;:{&quot;unit&quot;:&quot;deg&quot;,&quot;size&quot;:-1.5,&quot;sizes&quot;:[]},&quot;_transform_skewX_effect_tablet&quot;:{&quot;unit&quot;:&quot;deg&quot;,&quot;size&quot;:&quot;&quot;,&quot;sizes&quot;:[]},&quot;_transform_skewY_effect&quot;:{&quot;unit&quot;:&quot;px&quot;,&quot;size&quot;:&quot;&quot;,&quot;sizes&quot;:[]},&quot;_transform_skewY_effect_tablet&quot;:{&quot;unit&quot;:&quot;deg&quot;,&quot;size&quot;:&quot;&quot;,&quot;sizes&quot;:[]},&quot;_transform_skewY_effect_mobile&quot;:{&quot;unit&quot;:&quot;deg&quot;,&quot;size&quot;:&quot;&quot;,&quot;sizes&quot;:[]}}\">\n\t\t<div class=\"elementor-element elementor-element-53025775 e-con-full e-transform e-flex e-con e-child\" data-id=\"53025775\" data-element_type=\"container\" data-e-type=\"container\" data-settings=\"{&quot;_transform_skewX_effect&quot;:{&quot;unit&quot;:&quot;px&quot;,&quot;size&quot;:5,&quot;sizes&quot;:[]},&quot;_transform_skewX_effect_mobile&quot;:{&quot;unit&quot;:&quot;deg&quot;,&quot;size&quot;:1.5,&quot;sizes&quot;:[]},&quot;_transform_skewX_effect_tablet&quot;:{&quot;unit&quot;:&quot;deg&quot;,&quot;size&quot;:&quot;&quot;,&quot;sizes&quot;:[]},&quot;_transform_skewY_effect&quot;:{&quot;unit&quot;:&quot;px&quot;,&quot;size&quot;:&quot;&quot;,&quot;sizes&quot;:[]},&quot;_transform_skewY_effect_tablet&quot;:{&quot;unit&quot;:&quot;deg&quot;,&quot;size&quot;:&quot;&quot;,&quot;sizes&quot;:[]},&quot;_transform_skewY_effect_mobile&quot;:{&quot;unit&quot;:&quot;deg&quot;,&quot;size&quot;:&quot;&quot;,&quot;sizes&quot;:[]}}\">\n\t\t\t\t<div class=\"elementor-element elementor-element-61f6edd7 elementor-widget elementor-widget-heading\" data-id=\"61f6edd7\" data-element_type=\"widget\" data-e-type=\"widget\" data-widget_type=\"heading.default\">\n\t\t\t\t<div class=\"elementor-widget-container\">\n\t\t\t\t\t<h3 class=\"elementor-heading-title elementor-size-default\">What can we do for you?<\/h3>\t\t\t\t<\/div>\n\t\t\t\t<\/div>\n\t\t\t\t<div class=\"elementor-element elementor-element-7eb068 elementor-widget elementor-widget-text-editor\" data-id=\"7eb068\" data-element_type=\"widget\" data-e-type=\"widget\" data-widget_type=\"text-editor.default\">\n\t\t\t\t<div class=\"elementor-widget-container\">\n\t\t\t\t\t\t\t\t\t<p>We coordinate our international partners' transactions in Hungary and provide professional assistance in their operations on request. We specialise in transport and tourism and related real estate investment and development.<\/p>\t\t\t\t\t\t\t\t<\/div>\n\t\t\t\t<\/div>\n\t\t\t\t<\/div>\n\t\t\t\t<\/div>\n\t\t<div class=\"elementor-element elementor-element-6d9a7287 e-con-full ferdekep-container e-flex elementor-invisible e-con e-child\" data-id=\"6d9a7287\" data-element_type=\"container\" data-e-type=\"container\" data-settings=\"{&quot;background_background&quot;:&quot;classic&quot;,&quot;animation&quot;:&quot;slideInRight&quot;,&quot;animation_mobile&quot;:&quot;fadeIn&quot;,&quot;animation_tablet&quot;:&quot;fadeIn&quot;}\">\n\t\t\t\t<div class=\"elementor-element elementor-element-aa9f39a ferdekep elementor-widget elementor-widget-image\" data-id=\"aa9f39a\" data-element_type=\"widget\" data-e-type=\"widget\" data-widget_type=\"image.default\">\n\t\t\t\t<div class=\"elementor-widget-container\">\n\t\t\t\t\t\t\t\t\t\t\t\t\t\t\t<img fetchpriority=\"high\" decoding=\"async\" width=\"458\" height=\"330\" src=\"https:\/\/mahartlog.hu\/wp-content\/uploads\/2024\/08\/mahartlog-egyediajanlat-e1724159085492.png\" class=\"attachment-full size-full wp-image-557\" alt=\"\" srcset=\"https:\/\/mahartlog.hu\/wp-content\/uploads\/2024\/08\/mahartlog-egyediajanlat-e1724159085492.png 458w, https:\/\/mahartlog.hu\/wp-content\/uploads\/2024\/08\/mahartlog-egyediajanlat-e1724159085492-300x216.png 300w, https:\/\/mahartlog.hu\/wp-content\/uploads\/2024\/08\/mahartlog-egyediajanlat-e1724159085492-18x12.png 18w\" sizes=\"(max-width: 458px) 100vw, 458px\" \/>\t\t\t\t\t\t\t\t\t\t\t\t\t\t\t<\/div>\n\t\t\t\t<\/div>\n\t\t\t\t<\/div>\n\t\t\t\t\t<\/div>\n\t\t\t\t<\/div>\n\t\t<div class=\"elementor-element elementor-element-3c48d840 e-flex e-con-boxed e-con e-parent\" data-id=\"3c48d840\" data-element_type=\"container\" data-e-type=\"container\" data-settings=\"{&quot;background_background&quot;:&quot;classic&quot;}\">\n\t\t\t\t\t<div class=\"e-con-inner\">\n\t\t<div class=\"elementor-element elementor-element-5c8fe3fe e-con-full ferdekep-container e-flex elementor-invisible e-con e-child\" data-id=\"5c8fe3fe\" data-element_type=\"container\" data-e-type=\"container\" data-settings=\"{&quot;background_background&quot;:&quot;classic&quot;,&quot;animation&quot;:&quot;slideInLeft&quot;,&quot;animation_mobile&quot;:&quot;fadeIn&quot;}\">\n\t\t\t\t<div class=\"elementor-element elementor-element-15d2fea5 ferdekep elementor-invisible elementor-widget elementor-widget-image\" data-id=\"15d2fea5\" data-element_type=\"widget\" data-e-type=\"widget\" data-settings=\"{&quot;_animation&quot;:&quot;slideInLeft&quot;,&quot;_animation_mobile&quot;:&quot;fadeIn&quot;}\" data-widget_type=\"image.default\">\n\t\t\t\t<div class=\"elementor-widget-container\">\n\t\t\t\t\t\t\t\t\t\t\t\t\t\t\t<img decoding=\"async\" width=\"1080\" height=\"1080\" src=\"https:\/\/mahartlog.hu\/wp-content\/uploads\/2024\/08\/maharlog-vagyonkezeles.png\" class=\"attachment-full size-full wp-image-651\" alt=\"\" srcset=\"https:\/\/mahartlog.hu\/wp-content\/uploads\/2024\/08\/maharlog-vagyonkezeles.png 1080w, https:\/\/mahartlog.hu\/wp-content\/uploads\/2024\/08\/maharlog-vagyonkezeles-300x300.png 300w, https:\/\/mahartlog.hu\/wp-content\/uploads\/2024\/08\/maharlog-vagyonkezeles-1024x1024.png 1024w, https:\/\/mahartlog.hu\/wp-content\/uploads\/2024\/08\/maharlog-vagyonkezeles-150x150.png 150w, https:\/\/mahartlog.hu\/wp-content\/uploads\/2024\/08\/maharlog-vagyonkezeles-768x768.png 768w, https:\/\/mahartlog.hu\/wp-content\/uploads\/2024\/08\/maharlog-vagyonkezeles-12x12.png 12w\" sizes=\"(max-width: 1080px) 100vw, 1080px\" \/>\t\t\t\t\t\t\t\t\t\t\t\t\t\t\t<\/div>\n\t\t\t\t<\/div>\n\t\t\t\t<\/div>\n\t\t<div class=\"elementor-element elementor-element-2f2debb duplaferde e-transform e-con-full e-flex e-con e-child\" data-id=\"2f2debb\" data-element_type=\"container\" data-e-type=\"container\" data-settings=\"{&quot;background_background&quot;:&quot;classic&quot;,&quot;_transform_skewX_effect&quot;:{&quot;unit&quot;:&quot;px&quot;,&quot;size&quot;:-5,&quot;sizes&quot;:[]},&quot;_transform_skewX_effect_mobile&quot;:{&quot;unit&quot;:&quot;deg&quot;,&quot;size&quot;:-1.5,&quot;sizes&quot;:[]},&quot;_transform_skewX_effect_tablet&quot;:{&quot;unit&quot;:&quot;deg&quot;,&quot;size&quot;:&quot;&quot;,&quot;sizes&quot;:[]},&quot;_transform_skewY_effect&quot;:{&quot;unit&quot;:&quot;px&quot;,&quot;size&quot;:&quot;&quot;,&quot;sizes&quot;:[]},&quot;_transform_skewY_effect_tablet&quot;:{&quot;unit&quot;:&quot;deg&quot;,&quot;size&quot;:&quot;&quot;,&quot;sizes&quot;:[]},&quot;_transform_skewY_effect_mobile&quot;:{&quot;unit&quot;:&quot;deg&quot;,&quot;size&quot;:&quot;&quot;,&quot;sizes&quot;:[]}}\">\n\t\t<div class=\"elementor-element elementor-element-4054d3dc e-transform e-con-full e-flex e-con e-child\" data-id=\"4054d3dc\" data-element_type=\"container\" data-e-type=\"container\" data-settings=\"{&quot;_transform_skewX_effect&quot;:{&quot;unit&quot;:&quot;px&quot;,&quot;size&quot;:5,&quot;sizes&quot;:[]},&quot;_transform_skewX_effect_mobile&quot;:{&quot;unit&quot;:&quot;deg&quot;,&quot;size&quot;:1.5,&quot;sizes&quot;:[]},&quot;_transform_skewX_effect_tablet&quot;:{&quot;unit&quot;:&quot;deg&quot;,&quot;size&quot;:&quot;&quot;,&quot;sizes&quot;:[]},&quot;_transform_skewY_effect&quot;:{&quot;unit&quot;:&quot;px&quot;,&quot;size&quot;:&quot;&quot;,&quot;sizes&quot;:[]},&quot;_transform_skewY_effect_tablet&quot;:{&quot;unit&quot;:&quot;deg&quot;,&quot;size&quot;:&quot;&quot;,&quot;sizes&quot;:[]},&quot;_transform_skewY_effect_mobile&quot;:{&quot;unit&quot;:&quot;deg&quot;,&quot;size&quot;:&quot;&quot;,&quot;sizes&quot;:[]}}\">\n\t\t\t\t<div class=\"elementor-element elementor-element-52c01662 elementor-widget elementor-widget-heading\" data-id=\"52c01662\" data-element_type=\"widget\" data-e-type=\"widget\" data-widget_type=\"heading.default\">\n\t\t\t\t<div class=\"elementor-widget-container\">\n\t\t\t\t\t<h3 class=\"elementor-heading-title elementor-size-default\">Tax advice<\/h3>\t\t\t\t<\/div>\n\t\t\t\t<\/div>\n\t\t\t\t<div class=\"elementor-element elementor-element-7ee72bce elementor-widget elementor-widget-text-editor\" data-id=\"7ee72bce\" data-element_type=\"widget\" data-e-type=\"widget\" data-widget_type=\"text-editor.default\">\n\t\t\t\t<div class=\"elementor-widget-container\">\n\t\t\t\t\t\t\t\t\t<ul><li>We provide comprehensive tax advice on domestic and international taxation, including social security issues<\/li><li>We can assist with tax planning both in Hungary and abroad<\/li><li>Finding favourable tax conditions for both foreigners investing in Hungary and Hungarians investing abroad<\/li><li>Calculate expected tax liabilities, prepare tax returns, help draft applicable contracts and assist with company formation and other administrative tasks<\/li><\/ul>\t\t\t\t\t\t\t\t<\/div>\n\t\t\t\t<\/div>\n\t\t\t\t<\/div>\n\t\t\t\t<\/div>\n\t\t\t\t\t<\/div>\n\t\t\t\t<\/div>\n\t\t<div class=\"elementor-element elementor-element-2240efd6 e-flex e-con-boxed e-con e-parent\" data-id=\"2240efd6\" data-element_type=\"container\" data-e-type=\"container\">\n\t\t\t\t\t<div class=\"e-con-inner\">\n\t\t<div class=\"elementor-element elementor-element-b541140 e-con-full duplaferde e-transform e-flex e-con e-child\" data-id=\"b541140\" data-element_type=\"container\" data-e-type=\"container\" data-settings=\"{&quot;background_background&quot;:&quot;classic&quot;,&quot;_transform_skewX_effect&quot;:{&quot;unit&quot;:&quot;px&quot;,&quot;size&quot;:-5,&quot;sizes&quot;:[]},&quot;_transform_skewX_effect_mobile&quot;:{&quot;unit&quot;:&quot;deg&quot;,&quot;size&quot;:-1.5,&quot;sizes&quot;:[]},&quot;_transform_skewX_effect_tablet&quot;:{&quot;unit&quot;:&quot;deg&quot;,&quot;size&quot;:&quot;&quot;,&quot;sizes&quot;:[]},&quot;_transform_skewY_effect&quot;:{&quot;unit&quot;:&quot;px&quot;,&quot;size&quot;:&quot;&quot;,&quot;sizes&quot;:[]},&quot;_transform_skewY_effect_tablet&quot;:{&quot;unit&quot;:&quot;deg&quot;,&quot;size&quot;:&quot;&quot;,&quot;sizes&quot;:[]},&quot;_transform_skewY_effect_mobile&quot;:{&quot;unit&quot;:&quot;deg&quot;,&quot;size&quot;:&quot;&quot;,&quot;sizes&quot;:[]}}\">\n\t\t<div class=\"elementor-element elementor-element-677c26b9 e-con-full e-transform e-flex e-con e-child\" data-id=\"677c26b9\" data-element_type=\"container\" data-e-type=\"container\" data-settings=\"{&quot;_transform_skewX_effect&quot;:{&quot;unit&quot;:&quot;px&quot;,&quot;size&quot;:5,&quot;sizes&quot;:[]},&quot;_transform_skewX_effect_mobile&quot;:{&quot;unit&quot;:&quot;deg&quot;,&quot;size&quot;:1.5,&quot;sizes&quot;:[]},&quot;_transform_skewX_effect_tablet&quot;:{&quot;unit&quot;:&quot;deg&quot;,&quot;size&quot;:&quot;&quot;,&quot;sizes&quot;:[]},&quot;_transform_skewY_effect&quot;:{&quot;unit&quot;:&quot;px&quot;,&quot;size&quot;:&quot;&quot;,&quot;sizes&quot;:[]},&quot;_transform_skewY_effect_tablet&quot;:{&quot;unit&quot;:&quot;deg&quot;,&quot;size&quot;:&quot;&quot;,&quot;sizes&quot;:[]},&quot;_transform_skewY_effect_mobile&quot;:{&quot;unit&quot;:&quot;deg&quot;,&quot;size&quot;:&quot;&quot;,&quot;sizes&quot;:[]}}\">\n\t\t\t\t<div class=\"elementor-element elementor-element-105aa378 elementor-widget elementor-widget-heading\" data-id=\"105aa378\" data-element_type=\"widget\" data-e-type=\"widget\" data-widget_type=\"heading.default\">\n\t\t\t\t<div class=\"elementor-widget-container\">\n\t\t\t\t\t<h3 class=\"elementor-heading-title elementor-size-default\">Company Representation<\/h3>\t\t\t\t<\/div>\n\t\t\t\t<\/div>\n\t\t\t\t<div class=\"elementor-element elementor-element-7a83d93d elementor-widget elementor-widget-text-editor\" data-id=\"7a83d93d\" data-element_type=\"widget\" data-e-type=\"widget\" data-widget_type=\"text-editor.default\">\n\t\t\t\t<div class=\"elementor-widget-container\">\n\t\t\t\t\t\t\t\t\t<p class=\"translation-block\">One of our specialities is the legal and commercial representation of foreign companies in Hungary.\n\nIn addition to the basic language skills required, we have many years of experience in representing domestic subsidiaries of foreign companies or foreign-owned Hungarian companies. In addition to legal and operational support for management, we assist in liaising with the authorities, cooperate with HR officers on labour issues, and actively assist in the tendering process. We provide an ideal solution for foreign companies in all areas of operation in Hungary.<\/p>\t\t\t\t\t\t\t\t<\/div>\n\t\t\t\t<\/div>\n\t\t\t\t<\/div>\n\t\t\t\t<\/div>\n\t\t<div class=\"elementor-element elementor-element-bf095aa e-con-full ferdekep-container e-flex elementor-invisible e-con e-child\" data-id=\"bf095aa\" data-element_type=\"container\" data-e-type=\"container\" data-settings=\"{&quot;background_background&quot;:&quot;classic&quot;,&quot;animation&quot;:&quot;slideInRight&quot;,&quot;animation_mobile&quot;:&quot;fadeIn&quot;,&quot;animation_tablet&quot;:&quot;fadeIn&quot;}\">\n\t\t\t\t<div class=\"elementor-element elementor-element-2c0d9109 ferdekep elementor-widget elementor-widget-image\" data-id=\"2c0d9109\" data-element_type=\"widget\" data-e-type=\"widget\" data-widget_type=\"image.default\">\n\t\t\t\t<div class=\"elementor-widget-container\">\n\t\t\t\t\t\t\t\t\t\t\t\t\t\t\t<img decoding=\"async\" width=\"1080\" height=\"1080\" src=\"https:\/\/mahartlog.hu\/wp-content\/uploads\/2024\/08\/maharlog-vagyonkezeles2.png\" class=\"attachment-full size-full wp-image-652\" alt=\"\" srcset=\"https:\/\/mahartlog.hu\/wp-content\/uploads\/2024\/08\/maharlog-vagyonkezeles2.png 1080w, https:\/\/mahartlog.hu\/wp-content\/uploads\/2024\/08\/maharlog-vagyonkezeles2-300x300.png 300w, https:\/\/mahartlog.hu\/wp-content\/uploads\/2024\/08\/maharlog-vagyonkezeles2-1024x1024.png 1024w, https:\/\/mahartlog.hu\/wp-content\/uploads\/2024\/08\/maharlog-vagyonkezeles2-150x150.png 150w, https:\/\/mahartlog.hu\/wp-content\/uploads\/2024\/08\/maharlog-vagyonkezeles2-768x768.png 768w, https:\/\/mahartlog.hu\/wp-content\/uploads\/2024\/08\/maharlog-vagyonkezeles2-12x12.png 12w\" sizes=\"(max-width: 1080px) 100vw, 1080px\" \/>\t\t\t\t\t\t\t\t\t\t\t\t\t\t\t<\/div>\n\t\t\t\t<\/div>\n\t\t\t\t<\/div>\n\t\t\t\t\t<\/div>\n\t\t\t\t<\/div>\n\t\t<div class=\"elementor-element elementor-element-47844f5d e-flex e-con-boxed e-con e-parent\" data-id=\"47844f5d\" data-element_type=\"container\" data-e-type=\"container\" data-settings=\"{&quot;background_background&quot;:&quot;classic&quot;}\">\n\t\t\t\t\t<div class=\"e-con-inner\">\n\t\t<div class=\"elementor-element elementor-element-3dd98422 e-con-full ferdekep-container e-flex elementor-invisible e-con e-child\" data-id=\"3dd98422\" data-element_type=\"container\" data-e-type=\"container\" data-settings=\"{&quot;background_background&quot;:&quot;classic&quot;,&quot;animation&quot;:&quot;slideInLeft&quot;,&quot;animation_mobile&quot;:&quot;fadeIn&quot;}\">\n\t\t\t\t<div class=\"elementor-element elementor-element-22f628a4 ferdekep elementor-invisible elementor-widget elementor-widget-image\" data-id=\"22f628a4\" data-element_type=\"widget\" data-e-type=\"widget\" data-settings=\"{&quot;_animation&quot;:&quot;slideInLeft&quot;,&quot;_animation_mobile&quot;:&quot;fadeIn&quot;}\" data-widget_type=\"image.default\">\n\t\t\t\t<div class=\"elementor-widget-container\">\n\t\t\t\t\t\t\t\t\t\t\t\t\t\t\t<img loading=\"lazy\" decoding=\"async\" width=\"1080\" height=\"1080\" src=\"https:\/\/mahartlog.hu\/wp-content\/uploads\/2024\/11\/jogitancsadas-mahartlog.png\" class=\"attachment-full size-full wp-image-1475\" alt=\"\" srcset=\"https:\/\/mahartlog.hu\/wp-content\/uploads\/2024\/11\/jogitancsadas-mahartlog.png 1080w, https:\/\/mahartlog.hu\/wp-content\/uploads\/2024\/11\/jogitancsadas-mahartlog-300x300.png 300w, https:\/\/mahartlog.hu\/wp-content\/uploads\/2024\/11\/jogitancsadas-mahartlog-1024x1024.png 1024w, https:\/\/mahartlog.hu\/wp-content\/uploads\/2024\/11\/jogitancsadas-mahartlog-150x150.png 150w, https:\/\/mahartlog.hu\/wp-content\/uploads\/2024\/11\/jogitancsadas-mahartlog-768x768.png 768w, https:\/\/mahartlog.hu\/wp-content\/uploads\/2024\/11\/jogitancsadas-mahartlog-12x12.png 12w\" sizes=\"(max-width: 1080px) 100vw, 1080px\" \/>\t\t\t\t\t\t\t\t\t\t\t\t\t\t\t<\/div>\n\t\t\t\t<\/div>\n\t\t\t\t<\/div>\n\t\t<div class=\"elementor-element elementor-element-13f042d9 duplaferde e-transform e-con-full e-flex e-con e-child\" data-id=\"13f042d9\" data-element_type=\"container\" data-e-type=\"container\" data-settings=\"{&quot;background_background&quot;:&quot;classic&quot;,&quot;_transform_skewX_effect&quot;:{&quot;unit&quot;:&quot;px&quot;,&quot;size&quot;:-5,&quot;sizes&quot;:[]},&quot;_transform_skewX_effect_mobile&quot;:{&quot;unit&quot;:&quot;deg&quot;,&quot;size&quot;:-1.5,&quot;sizes&quot;:[]},&quot;_transform_skewX_effect_tablet&quot;:{&quot;unit&quot;:&quot;deg&quot;,&quot;size&quot;:&quot;&quot;,&quot;sizes&quot;:[]},&quot;_transform_skewY_effect&quot;:{&quot;unit&quot;:&quot;px&quot;,&quot;size&quot;:&quot;&quot;,&quot;sizes&quot;:[]},&quot;_transform_skewY_effect_tablet&quot;:{&quot;unit&quot;:&quot;deg&quot;,&quot;size&quot;:&quot;&quot;,&quot;sizes&quot;:[]},&quot;_transform_skewY_effect_mobile&quot;:{&quot;unit&quot;:&quot;deg&quot;,&quot;size&quot;:&quot;&quot;,&quot;sizes&quot;:[]}}\">\n\t\t<div class=\"elementor-element elementor-element-19fe5e40 e-transform e-con-full e-flex e-con e-child\" data-id=\"19fe5e40\" data-element_type=\"container\" data-e-type=\"container\" data-settings=\"{&quot;_transform_skewX_effect&quot;:{&quot;unit&quot;:&quot;px&quot;,&quot;size&quot;:5,&quot;sizes&quot;:[]},&quot;_transform_skewX_effect_mobile&quot;:{&quot;unit&quot;:&quot;deg&quot;,&quot;size&quot;:1.5,&quot;sizes&quot;:[]},&quot;_transform_skewX_effect_tablet&quot;:{&quot;unit&quot;:&quot;deg&quot;,&quot;size&quot;:&quot;&quot;,&quot;sizes&quot;:[]},&quot;_transform_skewY_effect&quot;:{&quot;unit&quot;:&quot;px&quot;,&quot;size&quot;:&quot;&quot;,&quot;sizes&quot;:[]},&quot;_transform_skewY_effect_tablet&quot;:{&quot;unit&quot;:&quot;deg&quot;,&quot;size&quot;:&quot;&quot;,&quot;sizes&quot;:[]},&quot;_transform_skewY_effect_mobile&quot;:{&quot;unit&quot;:&quot;deg&quot;,&quot;size&quot;:&quot;&quot;,&quot;sizes&quot;:[]}}\">\n\t\t\t\t<div class=\"elementor-element elementor-element-f10a820 elementor-widget elementor-widget-heading\" data-id=\"f10a820\" data-element_type=\"widget\" data-e-type=\"widget\" data-widget_type=\"heading.default\">\n\t\t\t\t<div class=\"elementor-widget-container\">\n\t\t\t\t\t<h3 class=\"elementor-heading-title elementor-size-default\">Legal services<\/h3>\t\t\t\t<\/div>\n\t\t\t\t<\/div>\n\t\t\t\t<div class=\"elementor-element elementor-element-3303f63c elementor-widget elementor-widget-text-editor\" data-id=\"3303f63c\" data-element_type=\"widget\" data-e-type=\"widget\" data-widget_type=\"text-editor.default\">\n\t\t\t\t<div class=\"elementor-widget-container\">\n\t\t\t\t\t\t\t\t\t<p>Our legal partner is Dr. M T\u00f3th Bal\u00e1zs law firm. As part of our legal services:<\/p><ul><li>Establishment of subsidiaries, preparation of legal documents<\/li><li>Legal services for company management, day-to-day legal advice<\/li><li>Assistance in setting up organisational structures<\/li><li>Wage and labour law harmonisation<\/li><li>Transfer of experience in motivation, active support in its development and its legal formulation<\/li><li>Handling specific legal matters and representing the company in possible litigation<\/li><li>Representing companies in the purchase and leasing of premises<\/li><li>Representation before authorities, municipalities, government offices (in the case of appearances, permits and inspections)<\/li><li>Business transaction advice, planning and support for acquisition and sale transactions<\/li><\/ul>\t\t\t\t\t\t\t\t<\/div>\n\t\t\t\t<\/div>\n\t\t\t\t<\/div>\n\t\t\t\t<\/div>\n\t\t\t\t\t<\/div>\n\t\t\t\t<\/div>\n\t\t\t\t<\/div>","protected":false},"excerpt":{"rendered":"<p>Mahartlog Invest Zrt. Sz\u00e9lesk\u00f6r\u0171 t\u00e1mogat\u00e1s nemzetk\u00f6zi partnereknek Miben sz\u00e1m\u00edthat r\u00e1nk? Koordin\u00e1ljuk nemzetk\u00f6zi partnereink magyarorsz\u00e1gi tranzakci\u00f3it, \u00e9s ig\u00e9ny alapj\u00e1n ezek m\u0171k\u00f6dtet\u00e9shez is szakmai seg\u00edts\u00e9get ny\u00fajtunk. Szakter\u00fclet\u00fcnk a k\u00f6zleked\u00e9s \u00e9s turizmus \u00e9s az ehhez kapcsol\u00f3d\u00f3 ingatlan befektet\u00e9sek, ingatlan fejleszt\u00e9sek. Ad\u00f3tan\u00e1csad\u00e1s \u00c1tfog\u00f3 ad\u00f3tan\u00e1csad\u00f3i szolg\u00e1ltat\u00e1st ny\u00fajtunk hazai \u00e9s nemzetk\u00f6zi ad\u00f3z\u00e1ssal kapcsolatban, t\u00e1rsadalombiztos\u00edt\u00e1ssal kapcsolatos k\u00e9rd\u00e9sekre kiterjed\u0151en is Mind Magyarorsz\u00e1gon, mind &#8230; <a title=\"Mahartlog Invest PLC.\" class=\"read-more\" href=\"https:\/\/mahartlog.hu\/en\/mahartlog-invest-zrt\/\" aria-label=\"Read more about Mahartlog Invest Zrt.\">Read more<\/a><\/p>","protected":false},"author":1,"featured_media":0,"parent":0,"menu_order":0,"comment_status":"closed","ping_status":"closed","template":"elementor_header_footer","meta":{"footnotes":""},"class_list":["post-977","page","type-page","status-publish"],"_links":{"self":[{"href":"https:\/\/mahartlog.hu\/en\/wp-json\/wp\/v2\/pages\/977","targetHints":{"allow":["GET"]}}],"collection":[{"href":"https:\/\/mahartlog.hu\/en\/wp-json\/wp\/v2\/pages"}],"about":[{"href":"https:\/\/mahartlog.hu\/en\/wp-json\/wp\/v2\/types\/page"}],"author":[{"embeddable":true,"href":"https:\/\/mahartlog.hu\/en\/wp-json\/wp\/v2\/users\/1"}],"replies":[{"embeddable":true,"href":"https:\/\/mahartlog.hu\/en\/wp-json\/wp\/v2\/comments?post=977"}],"version-history":[{"count":13,"href":"https:\/\/mahartlog.hu\/en\/wp-json\/wp\/v2\/pages\/977\/revisions"}],"predecessor-version":[{"id":1759,"href":"https:\/\/mahartlog.hu\/en\/wp-json\/wp\/v2\/pages\/977\/revisions\/1759"}],"wp:attachment":[{"href":"https:\/\/mahartlog.hu\/en\/wp-json\/wp\/v2\/media?parent=977"}],"curies":[{"name":"wp","href":"https:\/\/api.w.org\/{rel}","templated":true}]}}